{"id":967,"date":"2022-03-22T09:29:12","date_gmt":"2022-03-22T08:29:12","guid":{"rendered":"https:\/\/domtoren-nl.ontw.stuurlui.dev\/de\/?page_id=967"},"modified":"2022-04-28T11:51:55","modified_gmt":"2022-04-28T09:51:55","slug":"besuch-planen","status":"publish","type":"page","link":"https:\/\/domtoren-nl.ontw.stuurlui.dev\/de\/besuch-planen\/","title":{"rendered":"Besuch planen"},"content":{"rendered":"","protected":false},"excerpt":{"rendered":"","protected":false},"author":5,"featured_media":1287,"parent":0,"menu_order":0,"comment_status":"closed","ping_status":"closed","template":"","meta":{"_acf_changed":false,"footnotes":""},"class_list":["post-967","page","type-page","status-publish","has-post-thumbnail","hentry"],"acf":[],"yoast_head":"<!-- This site is optimized with the Yoast SEO plugin v27.5 - https:\/\/yoast.com\/product\/yoast-seo-wordpress\/ -->\n<title>Planen Sie hier den Besuch des Domturms von Utrecht | Domturm Utrecht<\/title>\n<meta name=\"description\" content=\"Domturm in Utrecht besichtigen? Buchen Sie hier Tickets f\u00fcr eine F\u00fchrung \u00fcber die Treppe oder mit dem Aufzug. Klicken Sie hier.\" \/>\n<meta name=\"robots\" content=\"noindex, follow, max-snippet:-1, max-image-preview:large, max-video-preview:-1\" \/>\n<meta property=\"og:locale\" content=\"de_DE\" \/>\n<meta property=\"og:type\" content=\"article\" \/>\n<meta property=\"og:title\" content=\"Planen Sie hier den Besuch des Domturms von Utrecht | Domturm Utrecht\" \/>\n<meta property=\"og:description\" content=\"Domturm in Utrecht besichtigen? Buchen Sie hier Tickets f\u00fcr eine F\u00fchrung \u00fcber die Treppe oder mit dem Aufzug. Klicken Sie hier.\" \/>\n<meta property=\"og:url\" content=\"https:\/\/domtoren-nl.ontw.stuurlui.dev\/de\/besuch-planen\/\" \/>\n<meta property=\"og:site_name\" content=\"Domtoren DE\" \/>\n<meta property=\"article:modified_time\" content=\"2022-04-28T09:51:55+00:00\" \/>\n<meta property=\"og:image\" content=\"https:\/\/domtoren-nl.ontw.stuurlui.dev\/de\/wp-content\/uploads\/sites\/5\/2022\/04\/Utrecht_Centrum_Domtoren_Jelle_Verhoeks_highres-4492-Groot.jpg\" \/>\n\t<meta property=\"og:image:width\" content=\"1080\" \/>\n\t<meta property=\"og:image:height\" content=\"1620\" \/>\n\t<meta property=\"og:image:type\" content=\"image\/jpeg\" \/>\n<meta name=\"twitter:card\" content=\"summary_large_image\" \/>\n<script type=\"application\/ld+json\" class=\"yoast-schema-graph\">{\"@context\":\"https:\\\/\\\/schema.org\",\"@graph\":[{\"@type\":\"WebPage\",\"@id\":\"https:\\\/\\\/domtoren-nl.ontw.stuurlui.dev\\\/de\\\/besuch-planen\\\/\",\"url\":\"https:\\\/\\\/domtoren-nl.ontw.stuurlui.dev\\\/de\\\/besuch-planen\\\/\",\"name\":\"Planen Sie hier den Besuch des Domturms von Utrecht | Domturm Utrecht\",\"isPartOf\":{\"@id\":\"https:\\\/\\\/domtoren-nl.ontw.stuurlui.dev\\\/de\\\/#website\"},\"primaryImageOfPage\":{\"@id\":\"https:\\\/\\\/domtoren-nl.ontw.stuurlui.dev\\\/de\\\/besuch-planen\\\/#primaryimage\"},\"image\":{\"@id\":\"https:\\\/\\\/domtoren-nl.ontw.stuurlui.dev\\\/de\\\/besuch-planen\\\/#primaryimage\"},\"thumbnailUrl\":\"https:\\\/\\\/domtoren-nl.ontw.stuurlui.dev\\\/de\\\/wp-content\\\/uploads\\\/sites\\\/5\\\/2022\\\/04\\\/Utrecht_Centrum_Domtoren_Jelle_Verhoeks_highres-4492-Groot.jpg\",\"datePublished\":\"2022-03-22T08:29:12+00:00\",\"dateModified\":\"2022-04-28T09:51:55+00:00\",\"description\":\"Domturm in Utrecht besichtigen? Buchen Sie hier Tickets f\u00fcr eine F\u00fchrung \u00fcber die Treppe oder mit dem Aufzug. Klicken Sie hier.\",\"breadcrumb\":{\"@id\":\"https:\\\/\\\/domtoren-nl.ontw.stuurlui.dev\\\/de\\\/besuch-planen\\\/#breadcrumb\"},\"inLanguage\":\"de\",\"potentialAction\":[{\"@type\":\"ReadAction\",\"target\":[\"https:\\\/\\\/domtoren-nl.ontw.stuurlui.dev\\\/de\\\/besuch-planen\\\/\"]}]},{\"@type\":\"ImageObject\",\"inLanguage\":\"de\",\"@id\":\"https:\\\/\\\/domtoren-nl.ontw.stuurlui.dev\\\/de\\\/besuch-planen\\\/#primaryimage\",\"url\":\"https:\\\/\\\/domtoren-nl.ontw.stuurlui.dev\\\/de\\\/wp-content\\\/uploads\\\/sites\\\/5\\\/2022\\\/04\\\/Utrecht_Centrum_Domtoren_Jelle_Verhoeks_highres-4492-Groot.jpg\",\"contentUrl\":\"https:\\\/\\\/domtoren-nl.ontw.stuurlui.dev\\\/de\\\/wp-content\\\/uploads\\\/sites\\\/5\\\/2022\\\/04\\\/Utrecht_Centrum_Domtoren_Jelle_Verhoeks_highres-4492-Groot.jpg\",\"width\":1080,\"height\":1620,\"caption\":\"Domtoren algemeen\"},{\"@type\":\"BreadcrumbList\",\"@id\":\"https:\\\/\\\/domtoren-nl.ontw.stuurlui.dev\\\/de\\\/besuch-planen\\\/#breadcrumb\",\"itemListElement\":[{\"@type\":\"ListItem\",\"position\":1,\"name\":\"Home\",\"item\":\"https:\\\/\\\/domtoren-nl.ontw.stuurlui.dev\\\/de\\\/\"},{\"@type\":\"ListItem\",\"position\":2,\"name\":\"Besuch planen\"}]},{\"@type\":\"WebSite\",\"@id\":\"https:\\\/\\\/domtoren-nl.ontw.stuurlui.dev\\\/de\\\/#website\",\"url\":\"https:\\\/\\\/domtoren-nl.ontw.stuurlui.dev\\\/de\\\/\",\"name\":\"Domtoren DE\",\"description\":\"\",\"potentialAction\":[{\"@type\":\"SearchAction\",\"target\":{\"@type\":\"EntryPoint\",\"urlTemplate\":\"https:\\\/\\\/domtoren-nl.ontw.stuurlui.dev\\\/de\\\/?s={search_term_string}\"},\"query-input\":{\"@type\":\"PropertyValueSpecification\",\"valueRequired\":true,\"valueName\":\"search_term_string\"}}],\"inLanguage\":\"de\"}]}<\/script>\n<!-- \/ Yoast SEO plugin. -->","yoast_head_json":{"title":"Planen Sie hier den Besuch des Domturms von Utrecht | Domturm Utrecht","description":"Domturm in Utrecht besichtigen? Buchen Sie hier Tickets f\u00fcr eine F\u00fchrung \u00fcber die Treppe oder mit dem Aufzug. Klicken Sie hier.","robots":{"index":"noindex","follow":"follow","max-snippet":"max-snippet:-1","max-image-preview":"max-image-preview:large","max-video-preview":"max-video-preview:-1"},"og_locale":"de_DE","og_type":"article","og_title":"Planen Sie hier den Besuch des Domturms von Utrecht | Domturm Utrecht","og_description":"Domturm in Utrecht besichtigen? Buchen Sie hier Tickets f\u00fcr eine F\u00fchrung \u00fcber die Treppe oder mit dem Aufzug. Klicken Sie hier.","og_url":"https:\/\/domtoren-nl.ontw.stuurlui.dev\/de\/besuch-planen\/","og_site_name":"Domtoren DE","article_modified_time":"2022-04-28T09:51:55+00:00","og_image":[{"width":1080,"height":1620,"url":"https:\/\/domtoren-nl.ontw.stuurlui.dev\/de\/wp-content\/uploads\/sites\/5\/2022\/04\/Utrecht_Centrum_Domtoren_Jelle_Verhoeks_highres-4492-Groot.jpg","type":"image\/jpeg"}],"twitter_card":"summary_large_image","schema":{"@context":"https:\/\/schema.org","@graph":[{"@type":"WebPage","@id":"https:\/\/domtoren-nl.ontw.stuurlui.dev\/de\/besuch-planen\/","url":"https:\/\/domtoren-nl.ontw.stuurlui.dev\/de\/besuch-planen\/","name":"Planen Sie hier den Besuch des Domturms von Utrecht | Domturm Utrecht","isPartOf":{"@id":"https:\/\/domtoren-nl.ontw.stuurlui.dev\/de\/#website"},"primaryImageOfPage":{"@id":"https:\/\/domtoren-nl.ontw.stuurlui.dev\/de\/besuch-planen\/#primaryimage"},"image":{"@id":"https:\/\/domtoren-nl.ontw.stuurlui.dev\/de\/besuch-planen\/#primaryimage"},"thumbnailUrl":"https:\/\/domtoren-nl.ontw.stuurlui.dev\/de\/wp-content\/uploads\/sites\/5\/2022\/04\/Utrecht_Centrum_Domtoren_Jelle_Verhoeks_highres-4492-Groot.jpg","datePublished":"2022-03-22T08:29:12+00:00","dateModified":"2022-04-28T09:51:55+00:00","description":"Domturm in Utrecht besichtigen? Buchen Sie hier Tickets f\u00fcr eine F\u00fchrung \u00fcber die Treppe oder mit dem Aufzug. Klicken Sie hier.","breadcrumb":{"@id":"https:\/\/domtoren-nl.ontw.stuurlui.dev\/de\/besuch-planen\/#breadcrumb"},"inLanguage":"de","potentialAction":[{"@type":"ReadAction","target":["https:\/\/domtoren-nl.ontw.stuurlui.dev\/de\/besuch-planen\/"]}]},{"@type":"ImageObject","inLanguage":"de","@id":"https:\/\/domtoren-nl.ontw.stuurlui.dev\/de\/besuch-planen\/#primaryimage","url":"https:\/\/domtoren-nl.ontw.stuurlui.dev\/de\/wp-content\/uploads\/sites\/5\/2022\/04\/Utrecht_Centrum_Domtoren_Jelle_Verhoeks_highres-4492-Groot.jpg","contentUrl":"https:\/\/domtoren-nl.ontw.stuurlui.dev\/de\/wp-content\/uploads\/sites\/5\/2022\/04\/Utrecht_Centrum_Domtoren_Jelle_Verhoeks_highres-4492-Groot.jpg","width":1080,"height":1620,"caption":"Domtoren algemeen"},{"@type":"BreadcrumbList","@id":"https:\/\/domtoren-nl.ontw.stuurlui.dev\/de\/besuch-planen\/#breadcrumb","itemListElement":[{"@type":"ListItem","position":1,"name":"Home","item":"https:\/\/domtoren-nl.ontw.stuurlui.dev\/de\/"},{"@type":"ListItem","position":2,"name":"Besuch planen"}]},{"@type":"WebSite","@id":"https:\/\/domtoren-nl.ontw.stuurlui.dev\/de\/#website","url":"https:\/\/domtoren-nl.ontw.stuurlui.dev\/de\/","name":"Domtoren DE","description":"","potentialAction":[{"@type":"SearchAction","target":{"@type":"EntryPoint","urlTemplate":"https:\/\/domtoren-nl.ontw.stuurlui.dev\/de\/?s={search_term_string}"},"query-input":{"@type":"PropertyValueSpecification","valueRequired":true,"valueName":"search_term_string"}}],"inLanguage":"de"}]}},"_links":{"self":[{"href":"https:\/\/domtoren-nl.ontw.stuurlui.dev\/de\/wp-json\/wp\/v2\/pages\/967","targetHints":{"allow":["GET"]}}],"collection":[{"href":"https:\/\/domtoren-nl.ontw.stuurlui.dev\/de\/wp-json\/wp\/v2\/pages"}],"about":[{"href":"https:\/\/domtoren-nl.ontw.stuurlui.dev\/de\/wp-json\/wp\/v2\/types\/page"}],"author":[{"embeddable":true,"href":"https:\/\/domtoren-nl.ontw.stuurlui.dev\/de\/wp-json\/wp\/v2\/users\/5"}],"replies":[{"embeddable":true,"href":"https:\/\/domtoren-nl.ontw.stuurlui.dev\/de\/wp-json\/wp\/v2\/comments?post=967"}],"version-history":[{"count":68,"href":"https:\/\/domtoren-nl.ontw.stuurlui.dev\/de\/wp-json\/wp\/v2\/pages\/967\/revisions"}],"predecessor-version":[{"id":1976,"href":"https:\/\/domtoren-nl.ontw.stuurlui.dev\/de\/wp-json\/wp\/v2\/pages\/967\/revisions\/1976"}],"wp:featuredmedia":[{"embeddable":true,"href":"https:\/\/domtoren-nl.ontw.stuurlui.dev\/de\/wp-json\/wp\/v2\/media\/1287"}],"wp:attachment":[{"href":"https:\/\/domtoren-nl.ontw.stuurlui.dev\/de\/wp-json\/wp\/v2\/media?parent=967"}],"curies":[{"name":"wp","href":"https:\/\/api.w.org\/{rel}","templated":true}]}}